{"id":23,"date":"2026-05-09T15:08:50","date_gmt":"2026-05-09T15:08:50","guid":{"rendered":"https:\/\/hochzeit.schreiber.solar\/?page_id=23"},"modified":"2026-05-10T08:19:17","modified_gmt":"2026-05-10T08:19:17","slug":"whatsapp-gruppe","status":"publish","type":"page","link":"https:\/\/hochzeit.schreiber.solar\/?page_id=23","title":{"rendered":"WhatsApp-Gruppe"},"content":{"rendered":"\n<a href=\"https:\/\/chat.whatsapp.com\/D4uuLSKcpjeHpnyLwTMELm\" target=\"_blank\" style=\"background-color: #25D366; color: white; padding: 10px 20px; text-decoration: none; border-radius: 5px;\">Jetzt der Gruppe beitreten<\/a>\n\n\n\n<p><\/p>\n\n\n\n<p>Eine Gruppe f\u00fcr Organisatorisches wie Fahrgemeinschaften, Geschenkideen, Programmbeitr\u00e4ge oder sonsitgen Austausch, der hinter dem R\u00fccken des Brautpaares stattfinden soll.<\/p>\n","protected":false},"excerpt":{"rendered":"<p>Jetzt der Gruppe beitreten Eine Gruppe f\u00fcr Organisatorisches wie Fahrgemeinschaften, Geschenkideen, Programmbeitr\u00e4ge oder sonsitgen Austausch, der hinter dem R\u00fccken des Brautpaares stattfinden soll.<\/p>\n","protected":false},"author":1,"featured_media":0,"parent":0,"menu_order":0,"comment_status":"closed","ping_status":"closed","template":"","meta":{"inspiro_hide_title":false,"footnotes":""},"class_list":["post-23","page","type-page","status-publish","hentry"],"yoast_head":"<!-- This site is optimized with the Yoast SEO plugin v27.5 - https:\/\/yoast.com\/product\/yoast-seo-wordpress\/ -->\n<title>WhatsApp-Gruppe - Valerie &amp; Daniel<\/title>\n<meta name=\"robots\" content=\"noindex, follow, max-snippet:-1, max-image-preview:large, max-video-preview:-1\" \/>\n<meta property=\"og:locale\" content=\"de_DE\" \/>\n<meta property=\"og:type\" content=\"article\" \/>\n<meta property=\"og:title\" content=\"WhatsApp-Gruppe - Valerie &amp; Daniel\" \/>\n<meta property=\"og:description\" content=\"Jetzt der Gruppe beitreten Eine Gruppe f\u00fcr Organisatorisches wie Fahrgemeinschaften, Geschenkideen, Programmbeitr\u00e4ge oder sonsitgen Austausch, der hinter dem R\u00fccken des Brautpaares stattfinden soll.\" \/>\n<meta property=\"og:url\" content=\"https:\/\/hochzeit.schreiber.solar\/?page_id=23\" \/>\n<meta property=\"og:site_name\" content=\"Valerie &amp; Daniel\" \/>\n<meta property=\"article:modified_time\" content=\"2026-05-10T08:19:17+00:00\" \/>\n<meta name=\"twitter:card\" content=\"summary_large_image\" \/>\n<meta name=\"twitter:label1\" content=\"Gesch\u00e4tzte Lesezeit\" \/>\n\t<meta name=\"twitter:data1\" content=\"1\u00a0Minute\" \/>\n<script type=\"application\/ld+json\" class=\"yoast-schema-graph\">{\"@context\":\"https:\\\/\\\/schema.org\",\"@graph\":[{\"@type\":\"WebPage\",\"@id\":\"https:\\\/\\\/hochzeit.schreiber.solar\\\/?page_id=23\",\"url\":\"https:\\\/\\\/hochzeit.schreiber.solar\\\/?page_id=23\",\"name\":\"WhatsApp-Gruppe - Valerie &amp; Daniel\",\"isPartOf\":{\"@id\":\"https:\\\/\\\/hochzeit.schreiber.solar\\\/#website\"},\"datePublished\":\"2026-05-09T15:08:50+00:00\",\"dateModified\":\"2026-05-10T08:19:17+00:00\",\"breadcrumb\":{\"@id\":\"https:\\\/\\\/hochzeit.schreiber.solar\\\/?page_id=23#breadcrumb\"},\"inLanguage\":\"de\",\"potentialAction\":[{\"@type\":\"ReadAction\",\"target\":[\"https:\\\/\\\/hochzeit.schreiber.solar\\\/?page_id=23\"]}]},{\"@type\":\"BreadcrumbList\",\"@id\":\"https:\\\/\\\/hochzeit.schreiber.solar\\\/?page_id=23#breadcrumb\",\"itemListElement\":[{\"@type\":\"ListItem\",\"position\":1,\"name\":\"Start\",\"item\":\"https:\\\/\\\/hochzeit.schreiber.solar\\\/\"},{\"@type\":\"ListItem\",\"position\":2,\"name\":\"WhatsApp-Gruppe\"}]},{\"@type\":\"WebSite\",\"@id\":\"https:\\\/\\\/hochzeit.schreiber.solar\\\/#website\",\"url\":\"https:\\\/\\\/hochzeit.schreiber.solar\\\/\",\"name\":\"Valerie &amp; Daniel\",\"description\":\"Kochel am See - 21.08.26\",\"publisher\":{\"@id\":\"https:\\\/\\\/hochzeit.schreiber.solar\\\/#organization\"},\"potentialAction\":[{\"@type\":\"SearchAction\",\"target\":{\"@type\":\"EntryPoint\",\"urlTemplate\":\"https:\\\/\\\/hochzeit.schreiber.solar\\\/?s={search_term_string}\"},\"query-input\":{\"@type\":\"PropertyValueSpecification\",\"valueRequired\":true,\"valueName\":\"search_term_string\"}}],\"inLanguage\":\"de\"},{\"@type\":\"Organization\",\"@id\":\"https:\\\/\\\/hochzeit.schreiber.solar\\\/#organization\",\"name\":\"Valerie &amp; Daniel\",\"url\":\"https:\\\/\\\/hochzeit.schreiber.solar\\\/\",\"logo\":{\"@type\":\"ImageObject\",\"inLanguage\":\"de\",\"@id\":\"https:\\\/\\\/hochzeit.schreiber.solar\\\/#\\\/schema\\\/logo\\\/image\\\/\",\"url\":\"https:\\\/\\\/hochzeit.schreiber.solar\\\/wp-content\\\/uploads\\\/2026\\\/05\\\/Peace-Logo.jpg\",\"contentUrl\":\"https:\\\/\\\/hochzeit.schreiber.solar\\\/wp-content\\\/uploads\\\/2026\\\/05\\\/Peace-Logo.jpg\",\"width\":2000,\"height\":2000,\"caption\":\"Valerie &amp; Daniel\"},\"image\":{\"@id\":\"https:\\\/\\\/hochzeit.schreiber.solar\\\/#\\\/schema\\\/logo\\\/image\\\/\"}}]}<\/script>\n<!-- \/ Yoast SEO plugin. -->","yoast_head_json":{"title":"WhatsApp-Gruppe - Valerie &amp; Daniel","robots":{"index":"noindex","follow":"follow","max-snippet":"max-snippet:-1","max-image-preview":"max-image-preview:large","max-video-preview":"max-video-preview:-1"},"og_locale":"de_DE","og_type":"article","og_title":"WhatsApp-Gruppe - Valerie &amp; Daniel","og_description":"Jetzt der Gruppe beitreten Eine Gruppe f\u00fcr Organisatorisches wie Fahrgemeinschaften, Geschenkideen, Programmbeitr\u00e4ge oder sonsitgen Austausch, der hinter dem R\u00fccken des Brautpaares stattfinden soll.","og_url":"https:\/\/hochzeit.schreiber.solar\/?page_id=23","og_site_name":"Valerie &amp; Daniel","article_modified_time":"2026-05-10T08:19:17+00:00","twitter_card":"summary_large_image","twitter_misc":{"Gesch\u00e4tzte Lesezeit":"1\u00a0Minute"},"schema":{"@context":"https:\/\/schema.org","@graph":[{"@type":"WebPage","@id":"https:\/\/hochzeit.schreiber.solar\/?page_id=23","url":"https:\/\/hochzeit.schreiber.solar\/?page_id=23","name":"WhatsApp-Gruppe - Valerie &amp; Daniel","isPartOf":{"@id":"https:\/\/hochzeit.schreiber.solar\/#website"},"datePublished":"2026-05-09T15:08:50+00:00","dateModified":"2026-05-10T08:19:17+00:00","breadcrumb":{"@id":"https:\/\/hochzeit.schreiber.solar\/?page_id=23#breadcrumb"},"inLanguage":"de","potentialAction":[{"@type":"ReadAction","target":["https:\/\/hochzeit.schreiber.solar\/?page_id=23"]}]},{"@type":"BreadcrumbList","@id":"https:\/\/hochzeit.schreiber.solar\/?page_id=23#breadcrumb","itemListElement":[{"@type":"ListItem","position":1,"name":"Start","item":"https:\/\/hochzeit.schreiber.solar\/"},{"@type":"ListItem","position":2,"name":"WhatsApp-Gruppe"}]},{"@type":"WebSite","@id":"https:\/\/hochzeit.schreiber.solar\/#website","url":"https:\/\/hochzeit.schreiber.solar\/","name":"Valerie &amp; Daniel","description":"Kochel am See - 21.08.26","publisher":{"@id":"https:\/\/hochzeit.schreiber.solar\/#organization"},"potentialAction":[{"@type":"SearchAction","target":{"@type":"EntryPoint","urlTemplate":"https:\/\/hochzeit.schreiber.solar\/?s={search_term_string}"},"query-input":{"@type":"PropertyValueSpecification","valueRequired":true,"valueName":"search_term_string"}}],"inLanguage":"de"},{"@type":"Organization","@id":"https:\/\/hochzeit.schreiber.solar\/#organization","name":"Valerie &amp; Daniel","url":"https:\/\/hochzeit.schreiber.solar\/","logo":{"@type":"ImageObject","inLanguage":"de","@id":"https:\/\/hochzeit.schreiber.solar\/#\/schema\/logo\/image\/","url":"https:\/\/hochzeit.schreiber.solar\/wp-content\/uploads\/2026\/05\/Peace-Logo.jpg","contentUrl":"https:\/\/hochzeit.schreiber.solar\/wp-content\/uploads\/2026\/05\/Peace-Logo.jpg","width":2000,"height":2000,"caption":"Valerie &amp; Daniel"},"image":{"@id":"https:\/\/hochzeit.schreiber.solar\/#\/schema\/logo\/image\/"}}]}},"_links":{"self":[{"href":"https:\/\/hochzeit.schreiber.solar\/index.php?rest_route=\/wp\/v2\/pages\/23","targetHints":{"allow":["GET"]}}],"collection":[{"href":"https:\/\/hochzeit.schreiber.solar\/index.php?rest_route=\/wp\/v2\/pages"}],"about":[{"href":"https:\/\/hochzeit.schreiber.solar\/index.php?rest_route=\/wp\/v2\/types\/page"}],"author":[{"embeddable":true,"href":"https:\/\/hochzeit.schreiber.solar\/index.php?rest_route=\/wp\/v2\/users\/1"}],"replies":[{"embeddable":true,"href":"https:\/\/hochzeit.schreiber.solar\/index.php?rest_route=%2Fwp%2Fv2%2Fcomments&post=23"}],"version-history":[{"count":4,"href":"https:\/\/hochzeit.schreiber.solar\/index.php?rest_route=\/wp\/v2\/pages\/23\/revisions"}],"predecessor-version":[{"id":113,"href":"https:\/\/hochzeit.schreiber.solar\/index.php?rest_route=\/wp\/v2\/pages\/23\/revisions\/113"}],"wp:attachment":[{"href":"https:\/\/hochzeit.schreiber.solar\/index.php?rest_route=%2Fwp%2Fv2%2Fmedia&parent=23"}],"curies":[{"name":"wp","href":"https:\/\/api.w.org\/{rel}","templated":true}]}}